{"id":364,"date":"2025-12-02T08:24:45","date_gmt":"2025-12-02T07:24:45","guid":{"rendered":"https:\/\/factory.sites.fr\/?page_id=364"},"modified":"2025-12-10T15:46:42","modified_gmt":"2025-12-10T14:46:42","slug":"contact","status":"publish","type":"page","link":"https:\/\/factory.sites.fr\/fr\/contact\/","title":{"rendered":"Contact"},"content":{"rendered":"\t\t<div data-elementor-type=\"wp-page\" data-elementor-id=\"364\" class=\"elementor elementor-364\" data-elementor-post-type=\"page\">\n\t\t\t\t<div class=\"elementor-element elementor-element-fba0c1c e-grid e-con-boxed e-con e-parent\" data-id=\"fba0c1c\" data-element_type=\"container\" data-e-type=\"container\" data-settings=\"{&quot;background_background&quot;:&quot;classic&quot;}\">\n\t\t\t\t\t<div class=\"e-con-inner\">\n\t\t<div class=\"elementor-element elementor-element-c6b36df e-con-full e-flex e-con e-child\" data-id=\"c6b36df\" data-element_type=\"container\" data-e-type=\"container\">\n\t\t\t\t<div class=\"elementor-element elementor-element-28500c06 elementor-widget-tablet__width-inherit elementor-widget elementor-widget-heading\" data-id=\"28500c06\" data-element_type=\"widget\" data-e-type=\"widget\" data-widget_type=\"heading.default\">\n\t\t\t\t<div class=\"elementor-widget-container\">\n\t\t\t\t\t<h2 class=\"elementor-heading-title elementor-size-default\">Travaillons ensemble<\/h2>\t\t\t\t<\/div>\n\t\t\t\t<\/div>\n\t\t\t\t<div class=\"elementor-element elementor-element-53a37b48 elementor-widget elementor-widget-heading\" data-id=\"53a37b48\" data-element_type=\"widget\" data-e-type=\"widget\" data-widget_type=\"heading.default\">\n\t\t\t\t<div class=\"elementor-widget-container\">\n\t\t\t\t\t<h4 class=\"elementor-heading-title elementor-size-default\">Contactez-nous d\u00e8s \u00e0 pr\u00e9sent , nous revenons vers vous au plus vite !<\/h4>\t\t\t\t<\/div>\n\t\t\t\t<\/div>\n\t\t\t\t<\/div>\n\t\t<div class=\"elementor-element elementor-element-2ea4e3a e-con-full e-flex e-con e-child\" data-id=\"2ea4e3a\" data-element_type=\"container\" data-e-type=\"container\" data-settings=\"{&quot;background_background&quot;:&quot;classic&quot;}\">\n\t\t\t\t<div class=\"elementor-element elementor-element-5180470a elementor-button-align-stretch elementor-widget elementor-widget-form\" data-id=\"5180470a\" data-element_type=\"widget\" data-e-type=\"widget\" data-settings=\"{&quot;step_next_label&quot;:&quot;Next&quot;,&quot;step_previous_label&quot;:&quot;Previous&quot;,&quot;button_width&quot;:&quot;100&quot;,&quot;step_type&quot;:&quot;number_text&quot;,&quot;step_icon_shape&quot;:&quot;circle&quot;}\" data-widget_type=\"form.default\">\n\t\t\t\t<div class=\"elementor-widget-container\">\n\t\t\t\t\t\t\t<form class=\"elementor-form\" method=\"post\" name=\"New Form\" aria-label=\"New Form\">\n\t\t\t<input type=\"hidden\" name=\"post_id\" value=\"364\"\/>\n\t\t\t<input type=\"hidden\" name=\"form_id\" value=\"5180470a\"\/>\n\t\t\t<input type=\"hidden\" name=\"referer_title\" value=\"Contact - FACTORY\" \/>\n\n\t\t\t\t\t\t\t<input type=\"hidden\" name=\"queried_id\" value=\"364\"\/>\n\t\t\t\n\t\t\t<div class=\"elementor-form-fields-wrapper elementor-labels-above\">\n\t\t\t\t\t\t\t\t<div class=\"elementor-field-type-text elementor-field-group elementor-column elementor-field-group-name elementor-col-50 elementor-field-required elementor-mark-required\">\n\t\t\t\t\t\t\t\t\t\t\t\t<label for=\"form-field-name\" class=\"elementor-field-label\">\n\t\t\t\t\t\t\t\tPr\u00e9nom\t\t\t\t\t\t\t<\/label>\n\t\t\t\t\t\t\t\t\t\t\t\t\t\t<input size=\"1\" type=\"text\" name=\"form_fields[name]\" id=\"form-field-name\" class=\"elementor-field elementor-size-sm  elementor-field-textual\" required=\"required\">\n\t\t\t\t\t\t\t\t\t\t\t<\/div>\n\t\t\t\t\t\t\t\t<div class=\"elementor-field-type-text elementor-field-group elementor-column elementor-field-group-field_cab8505 elementor-col-50 elementor-field-required elementor-mark-required\">\n\t\t\t\t\t\t\t\t\t\t\t\t<label for=\"form-field-field_cab8505\" class=\"elementor-field-label\">\n\t\t\t\t\t\t\t\tNom\t\t\t\t\t\t\t<\/label>\n\t\t\t\t\t\t\t\t\t\t\t\t\t\t<input size=\"1\" type=\"text\" name=\"form_fields[field_cab8505]\" id=\"form-field-field_cab8505\" class=\"elementor-field elementor-size-sm  elementor-field-textual\" required=\"required\">\n\t\t\t\t\t\t\t\t\t\t\t<\/div>\n\t\t\t\t\t\t\t\t<div class=\"elementor-field-type-email elementor-field-group elementor-column elementor-field-group-email elementor-col-100 elementor-field-required elementor-mark-required\">\n\t\t\t\t\t\t\t\t\t\t\t\t<label for=\"form-field-email\" class=\"elementor-field-label\">\n\t\t\t\t\t\t\t\tEmail\t\t\t\t\t\t\t<\/label>\n\t\t\t\t\t\t\t\t\t\t\t\t\t\t<input size=\"1\" type=\"email\" name=\"form_fields[email]\" id=\"form-field-email\" class=\"elementor-field elementor-size-sm  elementor-field-textual\" required=\"required\">\n\t\t\t\t\t\t\t\t\t\t\t<\/div>\n\t\t\t\t\t\t\t\t<div class=\"elementor-field-type-text elementor-field-group elementor-column elementor-field-group-field_31fee6f elementor-col-50 elementor-field-required elementor-mark-required\">\n\t\t\t\t\t\t\t\t\t\t\t\t<label for=\"form-field-field_31fee6f\" class=\"elementor-field-label\">\n\t\t\t\t\t\t\t\tSoci\u00e9t\u00e9\t\t\t\t\t\t\t<\/label>\n\t\t\t\t\t\t\t\t\t\t\t\t\t\t<input size=\"1\" type=\"text\" name=\"form_fields[field_31fee6f]\" id=\"form-field-field_31fee6f\" class=\"elementor-field elementor-size-sm  elementor-field-textual\" required=\"required\">\n\t\t\t\t\t\t\t\t\t\t\t<\/div>\n\t\t\t\t\t\t\t\t<div class=\"elementor-field-type-radio elementor-field-group elementor-column elementor-field-group-field_a4923ea elementor-col-50 elementor-field-required elementor-mark-required\">\n\t\t\t\t\t\t\t\t\t\t\t\t<label for=\"form-field-field_a4923ea\" class=\"elementor-field-label\">\n\t\t\t\t\t\t\t\tObjet\t\t\t\t\t\t\t<\/label>\n\t\t\t\t\t\t<div class=\"elementor-field-subgroup  elementor-subgroup-inline\"><span class=\"elementor-field-option\"><input type=\"radio\" value=\"Devis\" id=\"form-field-field_a4923ea-0\" name=\"form_fields[field_a4923ea]\" required=\"required\"> <label for=\"form-field-field_a4923ea-0\">Devis<\/label><\/span><span class=\"elementor-field-option\"><input type=\"radio\" value=\"Sav\" id=\"form-field-field_a4923ea-1\" name=\"form_fields[field_a4923ea]\" required=\"required\"> <label for=\"form-field-field_a4923ea-1\">Sav<\/label><\/span><span class=\"elementor-field-option\"><input type=\"radio\" value=\"Formation\" id=\"form-field-field_a4923ea-2\" name=\"form_fields[field_a4923ea]\" required=\"required\"> <label for=\"form-field-field_a4923ea-2\">Formation<\/label><\/span><span class=\"elementor-field-option\"><input type=\"radio\" value=\"D\u00e9mo\" id=\"form-field-field_a4923ea-3\" name=\"form_fields[field_a4923ea]\" required=\"required\"> <label for=\"form-field-field_a4923ea-3\">D\u00e9mo<\/label><\/span><span class=\"elementor-field-option\"><input type=\"radio\" value=\"Autres\" id=\"form-field-field_a4923ea-4\" name=\"form_fields[field_a4923ea]\" required=\"required\"> <label for=\"form-field-field_a4923ea-4\">Autres<\/label><\/span><\/div>\t\t\t\t<\/div>\n\t\t\t\t\t\t\t\t<div class=\"elementor-field-type-textarea elementor-field-group elementor-column elementor-field-group-message elementor-col-100 elementor-field-required elementor-mark-required\">\n\t\t\t\t\t\t\t\t\t\t\t\t<label for=\"form-field-message\" class=\"elementor-field-label\">\n\t\t\t\t\t\t\t\tMessage\t\t\t\t\t\t\t<\/label>\n\t\t\t\t\t\t<textarea class=\"elementor-field-textual elementor-field  elementor-size-sm\" name=\"form_fields[message]\" id=\"form-field-message\" rows=\"150\" required=\"required\"><\/textarea>\t\t\t\t<\/div>\n\t\t\t\t\t\t\t\t<div class=\"elementor-field-type-text\">\n\t\t\t\t\t<input size=\"1\" type=\"text\" name=\"form_fields[field_f489717]\" id=\"form-field-field_f489717\" class=\"elementor-field elementor-size-sm \" style=\"display:none !important;\">\t\t\t\t<\/div>\n\t\t\t\t\t\t\t\t<div class=\"elementor-field-type-recaptcha_v3 elementor-field-group elementor-column elementor-field-group-field_3b99781 elementor-col-100 recaptcha_v3-bottomright\">\n\t\t\t\t\t<div class=\"elementor-field\" id=\"form-field-field_3b99781\"><div class=\"elementor-g-recaptcha\" data-sitekey=\"6LexpR4sAAAAAGcSkxkPhEFfCotbLlLuPBwpiYD-\" data-type=\"v3\" data-action=\"Form\" data-badge=\"bottomright\" data-size=\"invisible\"><\/div><\/div>\t\t\t\t<\/div>\n\t\t\t\t\t\t\t\t<div class=\"elementor-field-group elementor-column elementor-field-type-submit elementor-col-100 e-form__buttons\">\n\t\t\t\t\t<button class=\"elementor-button elementor-size-xl elementor-animation-shrink\" type=\"submit\">\n\t\t\t\t\t\t<span class=\"elementor-button-content-wrapper\">\n\t\t\t\t\t\t\t\t\t\t\t\t\t\t\t\t\t\t\t\t\t\t<span class=\"elementor-button-text\">Envoyer<\/span>\n\t\t\t\t\t\t\t\t\t\t\t\t\t<\/span>\n\t\t\t\t\t<\/button>\n\t\t\t\t<\/div>\n\t\t\t<\/div>\n\t\t<\/form>\n\t\t\t\t\t\t<\/div>\n\t\t\t\t<\/div>\n\t\t\t\t<\/div>\n\t\t\t\t\t<\/div>\n\t\t\t\t<\/div>\n\t\t\t\t<\/div>\n\t\t","protected":false},"excerpt":{"rendered":"<p>Travaillons ensemble Contactez-nous d\u00e8s \u00e0 pr\u00e9sent , nous revenons vers vous au plus vite !<\/p>\n","protected":false},"author":27,"featured_media":0,"parent":0,"menu_order":0,"comment_status":"closed","ping_status":"closed","template":"elementor_header_footer","meta":{"_acf_changed":false,"_monsterinsights_skip_tracking":false,"_monsterinsights_sitenote_active":false,"_monsterinsights_sitenote_note":"","_monsterinsights_sitenote_category":0,"site-sidebar-layout":"no-sidebar","site-content-layout":"","ast-site-content-layout":"full-width-container","site-content-style":"default","site-sidebar-style":"default","ast-global-header-display":"","ast-banner-title-visibility":"","ast-main-header-display":"","ast-hfb-above-header-display":"","ast-hfb-below-header-display":"","ast-hfb-mobile-header-display":"","site-post-title":"","ast-breadcrumbs-content":"","ast-featured-img":"","footer-sml-layout":"","ast-disable-related-posts":"","theme-transparent-header-meta":"default","adv-header-id-meta":"","stick-header-meta":"","header-above-stick-meta":"","header-main-stick-meta":"","header-below-stick-meta":"","astra-migrate-meta-layouts":"set","ast-page-background-enabled":"default","ast-page-background-meta":{"desktop":{"background-color":"var(--ast-global-color-5)","background-image":"","background-repeat":"repeat","background-position":"center center","background-size":"auto","background-attachment":"scroll","background-type":"","background-media":"","overlay-type":"","overlay-color":"","overlay-opacity":"","overlay-gradient":""},"tablet":{"background-color":"","background-image":"","background-repeat":"repeat","background-position":"center center","background-size":"auto","background-attachment":"scroll","background-type":"","background-media":"","overlay-type":"","overlay-color":"","overlay-opacity":"","overlay-gradient":""},"mobile":{"background-color":"","background-image":"","background-repeat":"repeat","background-position":"center center","background-size":"auto","background-attachment":"scroll","background-type":"","background-media":"","overlay-type":"","overlay-color":"","overlay-opacity":"","overlay-gradient":""}},"ast-content-background-meta":{"desktop":{"background-color":"var(--ast-global-color-4)","background-image":"","background-repeat":"repeat","background-position":"center center","background-size":"auto","background-attachment":"scroll","background-type":"","background-media":"","overlay-type":"","overlay-color":"","overlay-opacity":"","overlay-gradient":""},"tablet":{"background-color":"var(--ast-global-color-4)","background-image":"","background-repeat":"repeat","background-position":"center center","background-size":"auto","background-attachment":"scroll","background-type":"","background-media":"","overlay-type":"","overlay-color":"","overlay-opacity":"","overlay-gradient":""},"mobile":{"background-color":"var(--ast-global-color-4)","background-image":"","background-repeat":"repeat","background-position":"center center","background-size":"auto","background-attachment":"scroll","background-type":"","background-media":"","overlay-type":"","overlay-color":"","overlay-opacity":"","overlay-gradient":""}},"footnotes":""},"class_list":["post-364","page","type-page","status-publish","hentry"],"acf":[],"yoast_head":"<!-- This site is optimized with the Yoast SEO plugin v26.8 - https:\/\/yoast.com\/product\/yoast-seo-wordpress\/ -->\n<title>Contact - FACTORY<\/title>\n<meta name=\"robots\" content=\"index, follow, max-snippet:-1, max-image-preview:large, max-video-preview:-1\" \/>\n<link rel=\"canonical\" href=\"https:\/\/factory.sites.fr\/fr\/contact\/\" \/>\n<meta property=\"og:locale\" content=\"fr_FR\" \/>\n<meta property=\"og:type\" content=\"article\" \/>\n<meta property=\"og:title\" content=\"Contact - FACTORY\" \/>\n<meta property=\"og:description\" content=\"Travaillons ensemble Contactez-nous d\u00e8s \u00e0 pr\u00e9sent , nous revenons vers vous au plus vite !\" \/>\n<meta property=\"og:url\" content=\"https:\/\/factory.sites.fr\/fr\/contact\/\" \/>\n<meta property=\"og:site_name\" content=\"FACTORY\" \/>\n<meta property=\"article:modified_time\" content=\"2025-12-10T14:46:42+00:00\" \/>\n<meta name=\"twitter:card\" content=\"summary_large_image\" \/>\n<meta name=\"twitter:label1\" content=\"Dur\u00e9e de lecture estim\u00e9e\" \/>\n\t<meta name=\"twitter:data1\" content=\"1 minute\" \/>\n<script type=\"application\/ld+json\" class=\"yoast-schema-graph\">{\"@context\":\"https:\/\/schema.org\",\"@graph\":[{\"@type\":\"WebPage\",\"@id\":\"https:\/\/factory.sites.fr\/fr\/contact\/\",\"url\":\"https:\/\/factory.sites.fr\/fr\/contact\/\",\"name\":\"Contact - FACTORY\",\"isPartOf\":{\"@id\":\"https:\/\/factory.sites.fr\/fr\/#website\"},\"datePublished\":\"2025-12-02T07:24:45+00:00\",\"dateModified\":\"2025-12-10T14:46:42+00:00\",\"breadcrumb\":{\"@id\":\"https:\/\/factory.sites.fr\/fr\/contact\/#breadcrumb\"},\"inLanguage\":\"fr-FR\",\"potentialAction\":[{\"@type\":\"ReadAction\",\"target\":[\"https:\/\/factory.sites.fr\/fr\/contact\/\"]}]},{\"@type\":\"BreadcrumbList\",\"@id\":\"https:\/\/factory.sites.fr\/fr\/contact\/#breadcrumb\",\"itemListElement\":[{\"@type\":\"ListItem\",\"position\":1,\"name\":\"Accueil\",\"item\":\"https:\/\/factory.sites.fr\/fr\/\"},{\"@type\":\"ListItem\",\"position\":2,\"name\":\"Contact\"}]},{\"@type\":\"WebSite\",\"@id\":\"https:\/\/factory.sites.fr\/fr\/#website\",\"url\":\"https:\/\/factory.sites.fr\/fr\/\",\"name\":\"FACTORY\",\"description\":\"\",\"publisher\":{\"@id\":\"https:\/\/factory.sites.fr\/fr\/#organization\"},\"potentialAction\":[{\"@type\":\"SearchAction\",\"target\":{\"@type\":\"EntryPoint\",\"urlTemplate\":\"https:\/\/factory.sites.fr\/fr\/?s={search_term_string}\"},\"query-input\":{\"@type\":\"PropertyValueSpecification\",\"valueRequired\":true,\"valueName\":\"search_term_string\"}}],\"inLanguage\":\"fr-FR\"},{\"@type\":\"Organization\",\"@id\":\"https:\/\/factory.sites.fr\/fr\/#organization\",\"name\":\"FACTORY\",\"url\":\"https:\/\/factory.sites.fr\/fr\/\",\"logo\":{\"@type\":\"ImageObject\",\"inLanguage\":\"fr-FR\",\"@id\":\"https:\/\/factory.sites.fr\/fr\/#\/schema\/logo\/image\/\",\"url\":\"https:\/\/factory.sites.fr\/wp-content\/uploads\/sites\/3\/2025\/11\/Logo_SITES.png\",\"contentUrl\":\"https:\/\/factory.sites.fr\/wp-content\/uploads\/sites\/3\/2025\/11\/Logo_SITES.png\",\"width\":1047,\"height\":812,\"caption\":\"FACTORY\"},\"image\":{\"@id\":\"https:\/\/factory.sites.fr\/fr\/#\/schema\/logo\/image\/\"}}]}<\/script>\n<!-- \/ Yoast SEO plugin. -->","yoast_head_json":{"title":"Contact - FACTORY","robots":{"index":"index","follow":"follow","max-snippet":"max-snippet:-1","max-image-preview":"max-image-preview:large","max-video-preview":"max-video-preview:-1"},"canonical":"https:\/\/factory.sites.fr\/fr\/contact\/","og_locale":"fr_FR","og_type":"article","og_title":"Contact - FACTORY","og_description":"Travaillons ensemble Contactez-nous d\u00e8s \u00e0 pr\u00e9sent , nous revenons vers vous au plus vite !","og_url":"https:\/\/factory.sites.fr\/fr\/contact\/","og_site_name":"FACTORY","article_modified_time":"2025-12-10T14:46:42+00:00","twitter_card":"summary_large_image","twitter_misc":{"Dur\u00e9e de lecture estim\u00e9e":"1 minute"},"schema":{"@context":"https:\/\/schema.org","@graph":[{"@type":"WebPage","@id":"https:\/\/factory.sites.fr\/fr\/contact\/","url":"https:\/\/factory.sites.fr\/fr\/contact\/","name":"Contact - FACTORY","isPartOf":{"@id":"https:\/\/factory.sites.fr\/fr\/#website"},"datePublished":"2025-12-02T07:24:45+00:00","dateModified":"2025-12-10T14:46:42+00:00","breadcrumb":{"@id":"https:\/\/factory.sites.fr\/fr\/contact\/#breadcrumb"},"inLanguage":"fr-FR","potentialAction":[{"@type":"ReadAction","target":["https:\/\/factory.sites.fr\/fr\/contact\/"]}]},{"@type":"BreadcrumbList","@id":"https:\/\/factory.sites.fr\/fr\/contact\/#breadcrumb","itemListElement":[{"@type":"ListItem","position":1,"name":"Accueil","item":"https:\/\/factory.sites.fr\/fr\/"},{"@type":"ListItem","position":2,"name":"Contact"}]},{"@type":"WebSite","@id":"https:\/\/factory.sites.fr\/fr\/#website","url":"https:\/\/factory.sites.fr\/fr\/","name":"FACTORY","description":"","publisher":{"@id":"https:\/\/factory.sites.fr\/fr\/#organization"},"potentialAction":[{"@type":"SearchAction","target":{"@type":"EntryPoint","urlTemplate":"https:\/\/factory.sites.fr\/fr\/?s={search_term_string}"},"query-input":{"@type":"PropertyValueSpecification","valueRequired":true,"valueName":"search_term_string"}}],"inLanguage":"fr-FR"},{"@type":"Organization","@id":"https:\/\/factory.sites.fr\/fr\/#organization","name":"FACTORY","url":"https:\/\/factory.sites.fr\/fr\/","logo":{"@type":"ImageObject","inLanguage":"fr-FR","@id":"https:\/\/factory.sites.fr\/fr\/#\/schema\/logo\/image\/","url":"https:\/\/factory.sites.fr\/wp-content\/uploads\/sites\/3\/2025\/11\/Logo_SITES.png","contentUrl":"https:\/\/factory.sites.fr\/wp-content\/uploads\/sites\/3\/2025\/11\/Logo_SITES.png","width":1047,"height":812,"caption":"FACTORY"},"image":{"@id":"https:\/\/factory.sites.fr\/fr\/#\/schema\/logo\/image\/"}}]}},"_links":{"self":[{"href":"https:\/\/factory.sites.fr\/fr\/wp-json\/wp\/v2\/pages\/364","targetHints":{"allow":["GET"]}}],"collection":[{"href":"https:\/\/factory.sites.fr\/fr\/wp-json\/wp\/v2\/pages"}],"about":[{"href":"https:\/\/factory.sites.fr\/fr\/wp-json\/wp\/v2\/types\/page"}],"author":[{"embeddable":true,"href":"https:\/\/factory.sites.fr\/fr\/wp-json\/wp\/v2\/users\/27"}],"replies":[{"embeddable":true,"href":"https:\/\/factory.sites.fr\/fr\/wp-json\/wp\/v2\/comments?post=364"}],"version-history":[{"count":113,"href":"https:\/\/factory.sites.fr\/fr\/wp-json\/wp\/v2\/pages\/364\/revisions"}],"predecessor-version":[{"id":759,"href":"https:\/\/factory.sites.fr\/fr\/wp-json\/wp\/v2\/pages\/364\/revisions\/759"}],"wp:attachment":[{"href":"https:\/\/factory.sites.fr\/fr\/wp-json\/wp\/v2\/media?parent=364"}],"curies":[{"name":"wp","href":"https:\/\/api.w.org\/{rel}","templated":true}]}}